{"id":28,"date":"2024-03-23T11:56:32","date_gmt":"2024-03-23T07:56:32","guid":{"rendered":"https:\/\/flourishherwomenshealth.com\/?page_id=28"},"modified":"2024-08-28T21:45:31","modified_gmt":"2024-08-28T17:45:31","slug":"online-pilates","status":"publish","type":"page","link":"https:\/\/flourishherwomenshealth.com\/de\/online-pilates\/","title":{"rendered":"Pilates"},"content":{"rendered":"<div class=\"wp-block-cover alignfull is-light has-custom-color-3-color has-text-color wp-elements-2511fe9a32a85d60127dd7449185e83d\" style=\"margin-top:0;margin-bottom:0;padding-top:80px;padding-bottom:0px;min-height:202px;aspect-ratio:unset;\"><span aria-hidden=\"true\" class=\"wp-block-cover__background has-custom-color-7-background-color has-background-dim-100 has-background-dim\"><\/span><div class=\"wp-block-cover__inner-container is-layout-flow wp-block-cover-is-layout-flow\">\n<hr class=\"is-style-wide wp-block-separator has-text-color has-custom-color-2-color has-alpha-channel-opacity has-custom-color-2-background-color has-background\"\/>\n\n\n\n<h2 class=\"wp-block-heading has-text-align-center has-custom-color-2-color has-text-color has-link-color wp-elements-c447a5a98c02757fcc3ec08e2c5786c1\" style=\"font-size:clamp(20.515px, 1.282rem + ((1vw - 3.2px) * 0.085), 33px);\">Online Pilates Stunden<\/h2>\n\n\n\n<hr class=\"is-style-wide wp-block-separator has-text-color has-custom-color-2-color has-alpha-channel-opacity has-custom-color-2-background-color has-background\"\/>\n<\/div><\/div>\n\n\n\n<div class=\"wp-block-cover alignfull is-light has-custom-color-3-color has-text-color\" style=\"margin-top:0;margin-bottom:0;min-height:678px;aspect-ratio:unset;\"><span aria-hidden=\"true\" class=\"wp-block-cover__background has-white-background-color has-background-dim-100 has-background-dim\"><\/span><div class=\"wp-block-cover__inner-container is-layout-flow wp-block-cover-is-layout-flow\">\n<div style=\"height:10px\" aria-hidden=\"true\" class=\"wp-block-spacer\"><\/div>\n\n\n\n<div class=\"wp-block-columns is-layout-flex wp-container-core-columns-is-layout-c2d6fa21 wp-block-columns-is-layout-flex\">\n<div class=\"wp-block-column is-layout-flow wp-block-column-is-layout-flow\">\n<figure class=\"wp-block-image aligncenter size-full is-resized has-custom-border wp-duotone-unset-1\"><img loading=\"lazy\" decoding=\"async\" width=\"1323\" height=\"1764\" src=\"https:\/\/flourishherwomenshealth.com\/wp-content\/uploads\/2024\/04\/DSCF0638-2-edited.jpg\" alt=\"\" class=\"has-border-color has-custom-color-1-border-color wp-image-731\" style=\"border-width:3px;border-top-left-radius:50%;border-top-right-radius:50%;width:424px;height:auto\" srcset=\"https:\/\/flourishherwomenshealth.com\/wp-content\/uploads\/2024\/04\/DSCF0638-2-edited.jpg 1323w, https:\/\/flourishherwomenshealth.com\/wp-content\/uploads\/2024\/04\/DSCF0638-2-edited-225x300.jpg 225w, https:\/\/flourishherwomenshealth.com\/wp-content\/uploads\/2024\/04\/DSCF0638-2-edited-768x1024.jpg 768w, https:\/\/flourishherwomenshealth.com\/wp-content\/uploads\/2024\/04\/DSCF0638-2-edited-1152x1536.jpg 1152w\" sizes=\"auto, (max-width: 1323px) 100vw, 1323px\" \/><\/figure>\n<\/div>\n\n\n\n<div class=\"wp-block-column is-vertically-aligned-bottom is-layout-flow wp-block-column-is-layout-flow\">\n<h2 class=\"wp-block-heading alignwide\" id=\"we-re-a-studio-in-berlin-with-an-international-practice-in-architecture-urban-planning-and-interior-design-we-believe-in-sharing-knowledge-and-promoting-dialogue-to-increase-the-creative-potential-of-collaboration\" style=\"font-size:clamp(27.894px, 1.743rem + ((1vw - 3.2px) * 0.137), 48px);line-height:1.1\">Entfessel dein Potenzial<\/h2>\n\n\n\n<h2 class=\"wp-block-heading has-custom-color-2-color has-text-color\" style=\"font-size:clamp(14.642px, 0.915rem + ((1vw - 3.2px) * 0.05), 22px);\">Setze deine innere St\u00e4rke frei<\/h2>\n\n\n\n<div class=\"wp-block-buttons is-nowrap is-layout-flex wp-container-core-buttons-is-layout-e7a2df55 wp-block-buttons-is-layout-flex\" style=\"margin-top:88px\">\n<div class=\"is-style-outline wp-block-button has-custom-width wp-block-button__width-50 has-custom-font-size is-style-outline--2\" style=\"font-size:clamp(14px, 0.875rem + ((1vw - 3.2px) * 0.034), 19px);font-style:normal;font-weight:500\"><a class=\"wp-block-button__link has-custom-color-3-color has-text-color has-background has-border-color has-custom-color-2-border-color wp-element-button\" href=\"https:\/\/flourishherwomenshealth.com\/de\/calendar\/\" style=\"border-width:3px;border-radius:30px;background-color:#ffffff00;padding-top:12px;padding-right:40px;padding-bottom:12px;padding-left:40px\">Buche deine n\u00e4chste Stunde hier<\/a><\/div>\n<\/div>\n<\/div>\n<\/div>\n\n\n\n<div style=\"height:34px\" aria-hidden=\"true\" class=\"wp-block-spacer\"><\/div>\n<\/div><\/div>\n\n\n\n<div class=\"wp-block-cover alignfull is-light has-custom-color-3-color has-text-color wp-elements-216a18e7b771d5ac46a3e00b824f8ef2\" style=\"margin-top:0;margin-bottom:0;padding-bottom:0px;min-height:100px;aspect-ratio:unset;\"><span aria-hidden=\"true\" class=\"wp-block-cover__background has-custom-color-7-background-color has-background-dim-100 has-background-dim\"><\/span><div class=\"wp-block-cover__inner-container is-layout-flow wp-block-cover-is-layout-flow\">\n<hr class=\"is-style-wide wp-block-separator has-text-color has-custom-color-2-color has-alpha-channel-opacity has-custom-color-2-background-color has-background\"\/>\n\n\n\n<h2 class=\"wp-block-heading has-text-align-center has-custom-color-3-color has-text-color has-link-color wp-elements-e01febee3c56f926a61509d567ca3654\" style=\"font-size:clamp(20.515px, 1.282rem + ((1vw - 3.2px) * 0.085), 33px);\">\u201eK\u00f6rperliche Fitness ist die erste Voraussetzung f\u00fcr Gl\u00fcck\u201c<\/h2>\n\n\n\n<h1 class=\"wp-block-heading has-text-align-center has-custom-color-2-color has-text-color has-link-color has-small-font-size wp-elements-94f1d3d4d5374274021bc2ed359a1e8c\" style=\"font-style:normal;font-weight:100\">Joseph PiLates<\/h1>\n\n\n\n<hr class=\"is-style-wide wp-block-separator has-text-color has-custom-color-2-color has-alpha-channel-opacity has-custom-color-2-background-color has-background\"\/>\n<\/div><\/div>\n\n\n\n<div class=\"wp-block-cover alignfull is-light has-custom-color-7-color has-text-color\" style=\"border-style:none;border-width:0px;margin-top:0;margin-bottom:0;padding-right:50px;padding-left:100px;min-height:512px;aspect-ratio:unset;\"><span aria-hidden=\"true\" class=\"wp-block-cover__background has-custom-color-7-background-color has-background-dim-100 has-background-dim\"><\/span><div class=\"wp-block-cover__inner-container is-layout-flow wp-block-cover-is-layout-flow\">\n<div class=\"wp-block-columns is-layout-flex wp-container-core-columns-is-layout-dab8da8d wp-block-columns-is-layout-flex\">\n<div class=\"wp-block-column is-layout-flow wp-block-column-is-layout-flow\">\n<p class=\"\"><\/p>\n\n\n\n<p class=\"has-custom-color-3-color has-text-color has-link-color wp-elements-f8fae9adf57631def143cce98a84bac5\">As a Pilates instructor deeply passionate about the power of this practice, I&#8217;ve witnessed firsthand how transformative Pilates can be. It&#8217;s not just a workout; it&#8217;s a journey towards strength, flexibility, and inner peace. This gentle yet effective form of exercise beautifully marries core strengthening, posture alignment and balance, catering to women&#8217;s needs across different life stages. From exercising through and supporting recovery after pregnancy to easing the transitions of menopause, and enhancing overall fitness, Pilates offers a holistic path to wellbeing.<\/p>\n\n\n\n<p class=\"has-custom-color-3-color has-text-color has-link-color wp-elements-7c070264473144c4e86a9821c701da4a\">Was Pilates wirklich auszeichnet, ist der Fokus auf achtsame Bewegungen und K\u00f6rperbewusstsein. Es geht darum, einen widerstandsf\u00e4higen K\u00f6rper aufzubauen und gleichzeitig den Kopf frei zu bekommen und Stress abzubauen. Diese Kombination macht Pilates zu einem Zufluchtsort f\u00fcr alle, die ihren K\u00f6rper und ihre Seele n\u00e4hren und einen aktiven Lebensstil voller Wohlbefinden und Vitalit\u00e4t f\u00f6rdern m\u00f6chten.<\/p>\n\n\n\n<p class=\"has-custom-color-3-color has-text-color has-link-color wp-elements-60cf30e8c6bc22d5d384c7a5066f2831\">Understanding the busy lives we lead, I&#8217;m excited to bring this transformative practice into your home. Whether you prefer group classes or the personalized attention of one-on-one sessions, my online Pilates offerings are designed to fit into your schedule, allowing you to cultivate strength, balance and tranquility on your terms. Let&#8217;s embark on this empowering journey together.<\/p>\n\n\n\n<blockquote class=\"wp-block-quote is-layout-flow wp-block-quote-is-layout-flow\">\n<p class=\"\"><\/p>\n<\/blockquote>\n<\/div>\n\n\n\n<div class=\"wp-block-column is-vertically-aligned-top is-layout-flow wp-block-column-is-layout-flow\">\n<figure class=\"wp-block-image aligncenter size-full is-resized has-custom-border\"><img loading=\"lazy\" decoding=\"async\" width=\"1053\" height=\"1404\" src=\"https:\/\/flourishherwomenshealth.com\/wp-content\/uploads\/2024\/04\/DSCF0483-1-edited.jpg\" alt=\"\" class=\"has-border-color has-custom-color-3-border-color wp-image-729\" style=\"border-width:3px;border-top-left-radius:50%;border-top-right-radius:50%;width:341px;height:auto\" srcset=\"https:\/\/flourishherwomenshealth.com\/wp-content\/uploads\/2024\/04\/DSCF0483-1-edited.jpg 1053w, https:\/\/flourishherwomenshealth.com\/wp-content\/uploads\/2024\/04\/DSCF0483-1-edited-225x300.jpg 225w, https:\/\/flourishherwomenshealth.com\/wp-content\/uploads\/2024\/04\/DSCF0483-1-edited-768x1024.jpg 768w\" sizes=\"auto, (max-width: 1053px) 100vw, 1053px\" \/><\/figure>\n<\/div>\n<\/div>\n<\/div><\/div>\n\n\n\n<div class=\"wp-block-cover alignfull is-light wp-elements-c14fb6a9973cffed7b109540ed5e3c37\" style=\"margin-top:0;margin-bottom:0;padding-bottom:25px;min-height:202px;aspect-ratio:unset;\"><span aria-hidden=\"true\" class=\"wp-block-cover__background has-custom-color-7-background-color has-background-dim-100 has-background-dim\"><\/span><div class=\"wp-block-cover__inner-container is-layout-flow wp-block-cover-is-layout-flow\">\n<hr class=\"is-style-wide wp-block-separator has-text-color has-custom-color-2-color has-alpha-channel-opacity has-custom-color-2-background-color has-background\"\/>\n\n\n\n<h2 class=\"wp-block-heading has-text-align-center\" style=\"font-size:clamp(31.152px, 1.947rem + ((1vw - 3.2px) * 0.162), 55px);\">ONLINE PILATES Group Sessions<\/h2>\n\n\n\n<h2 class=\"wp-block-heading has-text-align-center has-custom-color-3-color has-text-color has-link-color wp-elements-bf2b1469a3806c60379db19f34986f8d\" style=\"font-size:clamp(20.515px, 1.282rem + ((1vw - 3.2px) * 0.085), 33px);\">Every Tuesday from 8Am to 9AM &#8211; Every Wednesday from 5Pm to 6 PM &#8211; Every Thursday from 6:30PM to 7:30PM<\/h2>\n\n\n\n<h2 class=\"wp-block-heading has-text-align-center has-custom-color-2-color has-text-color has-link-color wp-elements-0c896c3a4d804dcf8b94334cc1ec7db8\" style=\"font-size:13px\"> GMT +4 \/ Zeit Zone Dubai<\/h2>\n\n\n\n<div style=\"height:0px\" aria-hidden=\"true\" class=\"wp-block-spacer\"><\/div>\n\n\n\n<hr class=\"is-style-wide wp-block-separator has-text-color has-custom-color-2-color has-alpha-channel-opacity has-custom-color-2-background-color has-background\"\/>\n\n\n\n<div class=\"wp-block-buttons is-content-justification-center is-nowrap is-layout-flex wp-container-core-buttons-is-layout-d48581c7 wp-block-buttons-is-layout-flex\" style=\"margin-top:30px;margin-bottom:30px\">\n<div class=\"is-style-outline wp-block-button has-custom-font-size is-style-outline--3\" style=\"font-size:clamp(14px, 0.875rem + ((1vw - 3.2px) * 0.034), 19px);font-style:normal;font-weight:500\"><a class=\"wp-block-button__link has-custom-color-3-color has-text-color has-background has-border-color has-custom-color-2-border-color wp-element-button\" href=\"https:\/\/flourishherwomenshealth.com\/de\/calendar\/\" style=\"border-width:3px;border-radius:30px;background-color:#ffffff00;padding-top:12px;padding-right:40px;padding-bottom:12px;padding-left:40px\">Buche deine Stunde hier<\/a><\/div>\n\n\n\n<div class=\"is-style-outline wp-block-button has-custom-font-size is-style-outline--4\" style=\"font-size:clamp(14px, 0.875rem + ((1vw - 3.2px) * 0.034), 19px);font-style:normal;font-weight:500\"><a class=\"wp-block-button__link has-custom-color-3-color has-text-color has-background has-border-color has-custom-color-2-border-color wp-element-button\" href=\"https:\/\/flourishherwomenshealth.com\/de\/services\/\" style=\"border-width:3px;border-radius:30px;background-color:#ffffff00;padding-top:12px;padding-right:40px;padding-bottom:12px;padding-left:40px\">More information on pricing<\/a><\/div>\n<\/div>\n<\/div><\/div>\n\n\n\n<div class=\"wp-block-cover alignfull is-light has-custom-color-3-color has-text-color\" style=\"border-bottom-style:none;border-bottom-width:0px;margin-top:0;margin-bottom:0;padding-top:80px;padding-bottom:160px;min-height:1017px;aspect-ratio:unset;\"><span aria-hidden=\"true\" class=\"wp-block-cover__background has-custom-color-1-background-color has-background-dim-100 has-background-dim\"><\/span><div class=\"wp-block-cover__inner-container has-global-padding is-layout-constrained wp-container-core-cover-is-layout-0fd1c32e wp-block-cover-is-layout-constrained\">\n<div class=\"wp-block-columns is-layout-flex wp-container-core-columns-is-layout-28f84493 wp-block-columns-is-layout-flex\">\n<div class=\"wp-block-column is-layout-flow wp-block-column-is-layout-flow\">\n<figure class=\"is-style-default wp-block-image aligncenter size-full is-resized has-custom-border\"><img loading=\"lazy\" decoding=\"async\" width=\"1360\" height=\"1360\" src=\"https:\/\/flourishherwomenshealth.com\/wp-content\/uploads\/2024\/04\/Get-in-Touch-Bild-Canva-LR-edited-1.jpg\" alt=\"\" class=\"has-border-color has-custom-color-2-border-color wp-image-688\" style=\"border-width:3px;border-top-left-radius:50%;border-top-right-radius:50%;aspect-ratio:1;object-fit:cover;width:377px;height:auto\" srcset=\"https:\/\/flourishherwomenshealth.com\/wp-content\/uploads\/2024\/04\/Get-in-Touch-Bild-Canva-LR-edited-1.jpg 1360w, https:\/\/flourishherwomenshealth.com\/wp-content\/uploads\/2024\/04\/Get-in-Touch-Bild-Canva-LR-edited-1-300x300.jpg 300w, https:\/\/flourishherwomenshealth.com\/wp-content\/uploads\/2024\/04\/Get-in-Touch-Bild-Canva-LR-edited-1-1024x1024.jpg 1024w, https:\/\/flourishherwomenshealth.com\/wp-content\/uploads\/2024\/04\/Get-in-Touch-Bild-Canva-LR-edited-1-150x150.jpg 150w, https:\/\/flourishherwomenshealth.com\/wp-content\/uploads\/2024\/04\/Get-in-Touch-Bild-Canva-LR-edited-1-768x768.jpg 768w\" sizes=\"auto, (max-width: 1360px) 100vw, 1360px\" \/><\/figure>\n\n\n\n<h2 class=\"wp-block-heading has-text-align-center has-custom-color-3-color has-text-color\" style=\"margin-top:120px;font-size:clamp(38.682px, 2.418rem + ((1vw - 3.2px) * 0.227), 72px);font-style:normal;font-weight:400;line-height:1\">Lass uns in Kontakt treten<\/h2>\n\n\n\n<p class=\"has-text-align-center has-custom-color-2-color has-text-color\" style=\"margin-top:32px;font-size:clamp(14.642px, 0.915rem + ((1vw - 3.2px) * 0.05), 22px);font-style:normal;font-weight:500\">Bereit, deine Wohlf\u00fchlreise mit mir zu beginnen?<\/p>\n\n\n\n<div class=\"wp-block-buttons is-content-justification-center is-layout-flex wp-container-core-buttons-is-layout-444da731 wp-block-buttons-is-layout-flex\" style=\"margin-top:30px\">\n<div class=\"is-style-outline wp-block-button has-custom-font-size is-style-outline--5\" style=\"font-size:clamp(14px, 0.875rem + ((1vw - 3.2px) * 0.034), 19px);font-style:normal;font-weight:500\"><a class=\"wp-block-button__link has-custom-color-1-color has-custom-color-2-background-color has-text-color has-background has-border-color has-custom-color-3-border-color has-text-align-center wp-element-button\" href=\"https:\/\/flourishherwomenshealth.com\/de\/calendar\/\" style=\"border-width:3px;border-radius:30px;padding-top:12px;padding-right:40px;padding-bottom:12px;padding-left:40px\">Buche dein Kennenlerngespr\u00e4ch<\/a><\/div>\n<\/div>\n<\/div>\n<\/div>\n\n\n\n<div class=\"wp-block-columns is-layout-flex wp-container-core-columns-is-layout-2eb748b2 wp-block-columns-is-layout-flex\" style=\"margin-top:0px;margin-bottom:0px\">\n<div class=\"wp-block-column is-layout-flow wp-container-core-column-is-layout-391c9608 wp-block-column-is-layout-flow\" style=\"padding-top:50px;padding-right:50px;padding-bottom:50px;padding-left:50px;flex-basis:33.3%\">\n<h3 class=\"wp-block-heading has-text-align-center has-custom-color-3-color has-text-color\" style=\"font-size:clamp(16.834px, 1.052rem + ((1vw - 3.2px) * 0.062), 26px);font-style:normal;font-weight:400;line-height:1.5\">Email<\/h3>\n\n\n\n<p class=\"has-text-align-center has-custom-color-2-color has-text-color\" style=\"font-size:clamp(14px, 0.875rem + ((1vw - 3.2px) * 0.02), 17px);line-height:1.7\">juliane@flourishherwomenshealth.com<\/p>\n<\/div>\n\n\n\n<div class=\"wp-block-column is-layout-flow wp-container-core-column-is-layout-391c9608 wp-block-column-is-layout-flow\" style=\"padding-top:50px;padding-right:50px;padding-bottom:50px;padding-left:50px;flex-basis:33.3%\">\n<h3 class=\"wp-block-heading has-text-align-center has-custom-color-3-color has-text-color\" style=\"font-size:clamp(16.834px, 1.052rem + ((1vw - 3.2px) * 0.062), 26px);font-style:normal;font-weight:400;line-height:1.5\">Whatsapp Kontakt<\/h3>\n\n\n\n<p class=\"has-text-align-center has-custom-color-2-color has-text-color\" style=\"font-size:clamp(14px, 0.875rem + ((1vw - 3.2px) * 0.02), 17px);line-height:1.7\">+971 58 814 3842<\/p>\n<\/div>\n\n\n\n<div class=\"wp-block-column is-layout-flow wp-container-core-column-is-layout-391c9608 wp-block-column-is-layout-flow\" style=\"padding-top:50px;padding-right:50px;padding-bottom:50px;padding-left:50px;flex-basis:33.3%\">\n<h3 class=\"wp-block-heading has-text-align-center has-custom-color-3-color has-text-color\" style=\"font-size:clamp(16.834px, 1.052rem + ((1vw - 3.2px) * 0.062), 26px);font-style:normal;font-weight:400;line-height:1.5\">Social Media<\/h3>\n\n\n\n<ul class=\"is-style-logos-only wp-block-social-links has-icon-color is-content-justification-center is-layout-flex wp-container-core-social-links-is-layout-a89b3969 wp-block-social-links-is-layout-flex\"><li style=\"color:#ca9ca0;\" class=\"wp-social-link wp-social-link-instagram has-custom-color-2-color wp-block-social-link\"><a href=\"https:\/\/www.instagram.com\/flourishher.womenshealth\/\" class=\"wp-block-social-link-anchor\"><svg width=\"24\" height=\"24\" viewbox=\"0 0 24 24\" version=\"1.1\" xmlns=\"http:\/\/www.w3.org\/2000\/svg\" aria-hidden=\"true\" focusable=\"false\"><path d=\"M12,4.622c2.403,0,2.688,0.009,3.637,0.052c0.877,0.04,1.354,0.187,1.671,0.31c0.42,0.163,0.72,0.358,1.035,0.673 c0.315,0.315,0.51,0.615,0.673,1.035c0.123,0.317,0.27,0.794,0.31,1.671c0.043,0.949,0.052,1.234,0.052,3.637 s-0.009,2.688-0.052,3.637c-0.04,0.877-0.187,1.354-0.31,1.671c-0.163,0.42-0.358,0.72-0.673,1.035 c-0.315,0.315-0.615,0.51-1.035,0.673c-0.317,0.123-0.794,0.27-1.671,0.31c-0.949,0.043-1.233,0.052-3.637,0.052 s-2.688-0.009-3.637-0.052c-0.877-0.04-1.354-0.187-1.671-0.31c-0.42-0.163-0.72-0.358-1.035-0.673 c-0.315-0.315-0.51-0.615-0.673-1.035c-0.123-0.317-0.27-0.794-0.31-1.671C4.631,14.688,4.622,14.403,4.622,12 s0.009-2.688,0.052-3.637c0.04-0.877,0.187-1.354,0.31-1.671c0.163-0.42,0.358-0.72,0.673-1.035 c0.315-0.315,0.615-0.51,1.035-0.673c0.317-0.123,0.794-0.27,1.671-0.31C9.312,4.631,9.597,4.622,12,4.622 M12,3 C9.556,3,9.249,3.01,8.289,3.054C7.331,3.098,6.677,3.25,6.105,3.472C5.513,3.702,5.011,4.01,4.511,4.511 c-0.5,0.5-0.808,1.002-1.038,1.594C3.25,6.677,3.098,7.331,3.054,8.289C3.01,9.249,3,9.556,3,12c0,2.444,0.01,2.751,0.054,3.711 c0.044,0.958,0.196,1.612,0.418,2.185c0.23,0.592,0.538,1.094,1.038,1.594c0.5,0.5,1.002,0.808,1.594,1.038 c0.572,0.222,1.227,0.375,2.185,0.418C9.249,20.99,9.556,21,12,21s2.751-0.01,3.711-0.054c0.958-0.044,1.612-0.196,2.185-0.418 c0.592-0.23,1.094-0.538,1.594-1.038c0.5-0.5,0.808-1.002,1.038-1.594c0.222-0.572,0.375-1.227,0.418-2.185 C20.99,14.751,21,14.444,21,12s-0.01-2.751-0.054-3.711c-0.044-0.958-0.196-1.612-0.418-2.185c-0.23-0.592-0.538-1.094-1.038-1.594 c-0.5-0.5-1.002-0.808-1.594-1.038c-0.572-0.222-1.227-0.375-2.185-0.418C14.751,3.01,14.444,3,12,3L12,3z M12,7.378 c-2.552,0-4.622,2.069-4.622,4.622S9.448,16.622,12,16.622s4.622-2.069,4.622-4.622S14.552,7.378,12,7.378z M12,15 c-1.657,0-3-1.343-3-3s1.343-3,3-3s3,1.343,3,3S13.657,15,12,15z M16.804,6.116c-0.596,0-1.08,0.484-1.08,1.08 s0.484,1.08,1.08,1.08c0.596,0,1.08-0.484,1.08-1.08S17.401,6.116,16.804,6.116z\"><\/path><\/svg><span class=\"wp-block-social-link-label screen-reader-text\">Instagram<\/span><\/a><\/li>\n\n<li style=\"color:#ca9ca0;\" class=\"wp-social-link wp-social-link-facebook has-custom-color-2-color wp-block-social-link\"><a href=\"https:\/\/www.facebook.com\/profile.php?id=61556069416149\" class=\"wp-block-social-link-anchor\"><svg width=\"24\" height=\"24\" viewbox=\"0 0 24 24\" version=\"1.1\" xmlns=\"http:\/\/www.w3.org\/2000\/svg\" aria-hidden=\"true\" focusable=\"false\"><path d=\"M12 2C6.5 2 2 6.5 2 12c0 5 3.7 9.1 8.4 9.9v-7H7.9V12h2.5V9.8c0-2.5 1.5-3.9 3.8-3.9 1.1 0 2.2.2 2.2.2v2.5h-1.3c-1.2 0-1.6.8-1.6 1.6V12h2.8l-.4 2.9h-2.3v7C18.3 21.1 22 17 22 12c0-5.5-4.5-10-10-10z\"><\/path><\/svg><span class=\"wp-block-social-link-label screen-reader-text\">Facebook<\/span><\/a><\/li><\/ul>\n<\/div>\n<\/div>\n<\/div><\/div>","protected":false},"excerpt":{"rendered":"","protected":false},"author":2,"featured_media":0,"parent":0,"menu_order":0,"comment_status":"closed","ping_status":"closed","template":"","meta":{"nf_dc_page":"","footnotes":""},"class_list":["post-28","page","type-page","status-publish","hentry"],"_links":{"self":[{"href":"https:\/\/flourishherwomenshealth.com\/de\/wp-json\/wp\/v2\/pages\/28","targetHints":{"allow":["GET"]}}],"collection":[{"href":"https:\/\/flourishherwomenshealth.com\/de\/wp-json\/wp\/v2\/pages"}],"about":[{"href":"https:\/\/flourishherwomenshealth.com\/de\/wp-json\/wp\/v2\/types\/page"}],"author":[{"embeddable":true,"href":"https:\/\/flourishherwomenshealth.com\/de\/wp-json\/wp\/v2\/users\/2"}],"replies":[{"embeddable":true,"href":"https:\/\/flourishherwomenshealth.com\/de\/wp-json\/wp\/v2\/comments?post=28"}],"version-history":[{"count":5,"href":"https:\/\/flourishherwomenshealth.com\/de\/wp-json\/wp\/v2\/pages\/28\/revisions"}],"predecessor-version":[{"id":997,"href":"https:\/\/flourishherwomenshealth.com\/de\/wp-json\/wp\/v2\/pages\/28\/revisions\/997"}],"wp:attachment":[{"href":"https:\/\/flourishherwomenshealth.com\/de\/wp-json\/wp\/v2\/media?parent=28"}],"curies":[{"name":"wp","href":"https:\/\/api.w.org\/{rel}","templated":true}]}}