{"id":322,"date":"2024-03-27T19:16:06","date_gmt":"2024-03-27T15:16:06","guid":{"rendered":"https:\/\/flourishherwomenshealth.com\/?page_id=322"},"modified":"2024-04-02T20:55:49","modified_gmt":"2024-04-02T16:55:49","slug":"support-through-pregnancy-and-beyond","status":"publish","type":"page","link":"https:\/\/flourishherwomenshealth.com\/de\/support-through-pregnancy-and-beyond\/","title":{"rendered":"Unterst\u00fctzung w\u00e4hrend der Schwangerschaft und dar\u00fcber hinaus"},"content":{"rendered":"<div class=\"wp-block-cover alignfull is-light has-custom-color-3-color has-text-color wp-elements-457f2b9620390a50c8a93b7c45520d5c\" style=\"margin-top:0;margin-bottom:0;padding-top:80px;padding-bottom:80px;min-height:283px;aspect-ratio:unset;\"><span aria-hidden=\"true\" class=\"wp-block-cover__background has-custom-color-7-background-color has-background-dim-100 has-background-dim\"><\/span><div class=\"wp-block-cover__inner-container has-global-padding is-layout-constrained wp-container-core-cover-is-layout-e356fc55 wp-block-cover-is-layout-constrained\">\n<div class=\"wp-block-columns has-custom-color-7-background-color has-background is-layout-flex wp-container-core-columns-is-layout-c2d6fa21 wp-block-columns-is-layout-flex\">\n<div class=\"wp-block-column is-vertically-aligned-bottom nfd-wb-animate nfd-wb-fade-in-right-short nfd-delay-50 is-layout-flow wp-block-column-is-layout-flow\">\n<hr class=\"is-style-wide wp-block-separator has-text-color has-custom-color-2-color has-alpha-channel-opacity has-custom-color-2-background-color has-background\"\/>\n<\/div>\n<\/div>\n\n\n\n<h2 class=\"wp-block-heading has-text-align-center has-custom-color-2-color has-text-color has-link-color wp-elements-12b8480574e3416231705109e2f72a27\" style=\"font-size:clamp(20.515px, 1.282rem + ((1vw - 3.2px) * 0.085), 33px);\"><strong>Unterst\u00fctzung w\u00e4hrend der Schwangerschaft und dar\u00fcber hinaus<\/strong><\/h2>\n\n\n\n<hr class=\"is-style-wide wp-block-separator has-text-color has-custom-color-2-color has-alpha-channel-opacity has-custom-color-2-background-color has-background\"\/>\n<\/div><\/div>\n\n\n\n<div class=\"wp-block-group alignwide has-global-padding is-layout-constrained wp-container-core-group-is-layout-fc62357b wp-block-group-is-layout-constrained\" style=\"margin-top:0px;padding-top:0px;padding-right:0;padding-bottom:0px;padding-left:0\">\n<div style=\"height:89px\" aria-hidden=\"true\" class=\"wp-block-spacer\"><\/div>\n\n\n\n<div class=\"wp-block-columns has-custom-color-3-color has-custom-color-1-background-color has-text-color has-background has-link-color wp-elements-0661833dfd595df205cc02988fbfdff3 is-layout-flex wp-container-core-columns-is-layout-caef5a93 wp-block-columns-is-layout-flex\" style=\"border-style:none;border-width:0px;margin-top:0px;margin-bottom:0px;padding-top:50px;padding-right:50px;padding-bottom:50px;padding-left:50px\">\n<div class=\"wp-block-column is-layout-flow wp-block-column-is-layout-flow\">\n<figure class=\"wp-block-image aligncenter size-full is-resized\"><img loading=\"lazy\" decoding=\"async\" width=\"500\" height=\"500\" src=\"https:\/\/flourishherwomenshealth.com\/wp-content\/uploads\/2024\/03\/Pregnancy-transparent.png\" alt=\"\" class=\"wp-image-476\" style=\"aspect-ratio:0.7658643326039387;object-fit:contain;width:328px;height:auto\" srcset=\"https:\/\/flourishherwomenshealth.com\/wp-content\/uploads\/2024\/03\/Pregnancy-transparent.png 500w, https:\/\/flourishherwomenshealth.com\/wp-content\/uploads\/2024\/03\/Pregnancy-transparent-300x300.png 300w, https:\/\/flourishherwomenshealth.com\/wp-content\/uploads\/2024\/03\/Pregnancy-transparent-150x150.png 150w\" sizes=\"auto, (max-width: 500px) 100vw, 500px\" \/><\/figure>\n<\/div>\n\n\n\n<div class=\"wp-block-column is-vertically-aligned-center is-layout-flow wp-container-core-column-is-layout-dc778769 wp-block-column-is-layout-flow\">\n<p class=\"\">                                                                                                                                                                      Der Weg von der Schwangerschaft zum Muttersein ist etwas ganz Besonderes, bringt aber auch einzigartige H\u00f6hen und Tiefen mit sich. Es geht nicht nur um den Glanz und die Babytritte; es geht auch darum, sich mit den kleinen Beschwerden, Schmerzen, der Angst aber auch der Vorfreude auseinanderzusetzen, dein Kleines in die Welt zu bringen. Ich bin hier, um dich zu begleiten, dir eine Schulter zum Anlehnen bei allen Schwangerschaftsbeschwerden zu bieten, dir Tipps zu geben, wie du deinen K\u00f6rper auf den gro\u00dfen Tag vorbereiten kannst, und dir zu helfen, nach der Geburt deines Babys wieder zu Kr\u00e4ften zu kommen. Gemeinsam erarbeiten wir \u00dcbungen, die nicht nur deine Beckenboden- und Bauchmuskulatur unterst\u00fctzen, sondern auch dein Vertrauen in die erstaunlichen F\u00e4higkeiten deines K\u00f6rpers st\u00e4rken. Es geht darum, sich verstanden, umsorgt und bereit zu f\u00fchlen, die Mutterschaft mit all der Liebe und Energie anzunehmen, die du  hast. Lassen uns diese Reise so angenehm und voller Freude wie m\u00f6glich gestalten \u2013 f\u00fcr dich und dein Baby.<\/p>\n\n\n\n<p class=\"\">Issues you might be dealing with:&nbsp;<\/p>\n<\/div>\n<\/div>\n\n\n\n<div class=\"wp-block-columns is-layout-flex wp-container-core-columns-is-layout-28f84493 wp-block-columns-is-layout-flex\">\n<div class=\"wp-block-column has-custom-color-3-color has-custom-color-1-background-color has-text-color has-background has-link-color wp-elements-d16736058450faaad7bc1d6769b1d48e is-layout-flow wp-block-column-is-layout-flow\" style=\"padding-right:50px;padding-left:200px\">\n<h2 class=\"wp-block-heading has-text-align-left has-custom-color-3-color has-text-color has-link-color has-medium-font-size wp-elements-40475fbf7a81e4a226ca84a0d720dfc2\"><strong>Schmerzen im Beckeng\u00fcrtel<\/strong><\/h2>\n\n\n\n<p class=\"has-text-align-left has-custom-color-3-color has-text-color has-link-color wp-elements-9294cb6a0f70ab9f3053fbee78e866da\">Beeintr\u00e4chtigt die Gelenke und B\u00e4nder des Beckens und erschwert das Gehen, Treppensteigen oder Umdrehen im Bett. \u00a0 &nbsp; &nbsp; &nbsp; &nbsp;<\/p>\n\n\n\n<h2 class=\"wp-block-heading has-text-align-left has-medium-font-size\"><strong>Schmerzen im unteren R\u00fccken<\/strong><\/h2>\n\n\n\n<p class=\"has-text-align-left\">H\u00e4ufig w\u00e4hrend und nach der Schwangerschaft aufgrund des zus\u00e4tzlichen Gewichts und der Schwerpunktverlagerung. <\/p>\n\n\n\n<h2 class=\"wp-block-heading has-text-align-left has-medium-font-size\"><strong>Ischias<\/strong><\/h2>\n\n\n\n<p class=\"has-text-align-left\">Druck auf den Ischiasnerv kann stechende Schmerzen oder Taubheitsgef\u00fchle verursachen, die \u00fcber die R\u00fcckseite des Beins verlaufen. \u00a0 \u00a0 &nbsp; &nbsp; <\/p>\n\n\n\n<h2 class=\"wp-block-heading has-text-align-left has-medium-font-size\"><strong>Schmerzen im Rundband<\/strong><\/h2>\n\n\n\n<p class=\"has-text-align-left\">Stechende Schmerzen oder Kr\u00e4mpfe im Unterbauch oder in der Leistengegend aufgrund der Dehnung der Rundb\u00e4nder.                                                                                                                    <\/p>\n\n\n\n<h2 class=\"wp-block-heading has-text-align-left has-medium-font-size\"><strong>Rektusdiastase<\/strong><\/h2>\n\n\n\n<p class=\"has-text-align-left\">Auseinanderweichen des rechten und linken Bauchmuskels, die zu einer Spalte oder Vorw\u00f6lbung in der Bauchmitte f\u00fchren kann. <\/p>\n\n\n\n<h2 class=\"wp-block-heading has-text-align-left has-medium-font-size\"><strong>Stillbeschwerden<\/strong><\/h2>\n\n\n\n<p class=\"has-text-align-left\">Nach der Geburt k\u00f6nnen durch das Stillen Probleme wie Brustdr\u00fcsenschwellung, Mastitis oder wunde Brustwarzen auftreten.                                                                                                                           <\/p>\n\n\n\n<h2 class=\"wp-block-heading has-text-align-left has-medium-font-size\"><strong>Karpaltunnelsyndrom<\/strong><\/h2>\n\n\n\n<p class=\"has-text-align-left\">Eine Schwellung kann Druck auf den Nerv im Handgelenk aus\u00fcben und zu Taubheitsgef\u00fchl, Kribbeln oder Schmerzen in Hand und Arm f\u00fchren.                                                                                                    <\/p>\n\n\n\n<h2 class=\"wp-block-heading has-text-align-left has-medium-font-size\"><strong>Haltungsschmerzen<\/strong><\/h2>\n\n\n\n<p class=\"has-text-align-left\">Haltungs\u00e4nderungen beim Tragen und Stillen eines Babys k\u00f6nnen zu Beschwerden im Nacken, in den Schultern und im oberen R\u00fccken f\u00fchren.                                                                                                         <\/p>\n\n\n\n<h2 class=\"wp-block-heading has-text-align-left has-medium-font-size\"><strong>Erm\u00fcdungsbedingte Schmerzen<\/strong><\/h2>\n\n\n\n<p class=\"has-text-align-left\">Schlafmangel und die k\u00f6rperlichen Anforderungen bei der Pflege eines Neugeborenen k\u00f6nnen K\u00f6rperschmerzen verschlimmern.<\/p>\n\n\n\n<div style=\"height:39px\" aria-hidden=\"true\" class=\"wp-block-spacer\"><\/div>\n<\/div>\n<\/div>\n\n\n\n<div style=\"height:85px\" aria-hidden=\"true\" class=\"wp-block-spacer\"><\/div>\n<\/div>\n\n\n\n<div class=\"wp-block-cover alignfull is-light has-custom-color-3-color has-text-color\" style=\"border-bottom-style:none;border-bottom-width:0px;margin-top:0;margin-bottom:0;padding-top:80px;padding-bottom:160px;min-height:1017px;aspect-ratio:unset;\"><span aria-hidden=\"true\" class=\"wp-block-cover__background has-custom-color-7-background-color has-background-dim-100 has-background-dim\"><\/span><div class=\"wp-block-cover__inner-container has-global-padding is-layout-constrained wp-container-core-cover-is-layout-0fd1c32e wp-block-cover-is-layout-constrained\">\n<div class=\"wp-block-columns is-layout-flex wp-container-core-columns-is-layout-28f84493 wp-block-columns-is-layout-flex\">\n<div class=\"wp-block-column is-layout-flow wp-block-column-is-layout-flow\">\n<figure class=\"is-style-default wp-block-image aligncenter size-full is-resized has-custom-border\"><img loading=\"lazy\" decoding=\"async\" width=\"1360\" height=\"1360\" src=\"https:\/\/flourishherwomenshealth.com\/wp-content\/uploads\/2024\/04\/Get-in-Touch-Bild-Canva-LR-edited-1.jpg\" alt=\"\" class=\"has-border-color has-custom-color-2-border-color wp-image-688\" style=\"border-width:3px;border-top-left-radius:50%;border-top-right-radius:50%;aspect-ratio:1;object-fit:cover;width:377px;height:auto\" srcset=\"https:\/\/flourishherwomenshealth.com\/wp-content\/uploads\/2024\/04\/Get-in-Touch-Bild-Canva-LR-edited-1.jpg 1360w, https:\/\/flourishherwomenshealth.com\/wp-content\/uploads\/2024\/04\/Get-in-Touch-Bild-Canva-LR-edited-1-300x300.jpg 300w, https:\/\/flourishherwomenshealth.com\/wp-content\/uploads\/2024\/04\/Get-in-Touch-Bild-Canva-LR-edited-1-1024x1024.jpg 1024w, https:\/\/flourishherwomenshealth.com\/wp-content\/uploads\/2024\/04\/Get-in-Touch-Bild-Canva-LR-edited-1-150x150.jpg 150w, https:\/\/flourishherwomenshealth.com\/wp-content\/uploads\/2024\/04\/Get-in-Touch-Bild-Canva-LR-edited-1-768x768.jpg 768w\" sizes=\"auto, (max-width: 1360px) 100vw, 1360px\" \/><\/figure>\n\n\n\n<h2 class=\"wp-block-heading has-text-align-center has-custom-color-3-color has-text-color\" style=\"margin-top:120px;font-size:clamp(38.682px, 2.418rem + ((1vw - 3.2px) * 0.227), 72px);font-style:normal;font-weight:400;line-height:1\">Lass uns in Kontakt treten<\/h2>\n\n\n\n<p class=\"has-text-align-center has-custom-color-2-color has-text-color\" style=\"margin-top:32px;font-size:clamp(14.642px, 0.915rem + ((1vw - 3.2px) * 0.05), 22px);font-style:normal;font-weight:500\">Bereit, deine Wohlf\u00fchlreise mit mir zu beginnen?<\/p>\n\n\n\n<div class=\"wp-block-buttons is-content-justification-center is-layout-flex wp-container-core-buttons-is-layout-444da731 wp-block-buttons-is-layout-flex\" style=\"margin-top:30px\">\n<div class=\"is-style-outline wp-block-button has-custom-font-size is-style-outline--1\" style=\"font-size:clamp(14px, 0.875rem + ((1vw - 3.2px) * 0.034), 19px);font-style:normal;font-weight:500\"><a class=\"wp-block-button__link has-custom-color-1-color has-custom-color-2-background-color has-text-color has-background has-border-color has-custom-color-3-border-color has-text-align-center wp-element-button\" href=\"https:\/\/flourishherwomenshealth.com\/de\/calendar\/\" style=\"border-width:3px;border-radius:30px;padding-top:12px;padding-right:40px;padding-bottom:12px;padding-left:40px\">Buche dein Kennenlerngespr\u00e4ch<\/a><\/div>\n<\/div>\n<\/div>\n<\/div>\n\n\n\n<div class=\"wp-block-columns is-layout-flex wp-container-core-columns-is-layout-2eb748b2 wp-block-columns-is-layout-flex\" style=\"margin-top:0px;margin-bottom:0px\">\n<div class=\"wp-block-column is-layout-flow wp-container-core-column-is-layout-391c9608 wp-block-column-is-layout-flow\" style=\"padding-top:50px;padding-right:50px;padding-bottom:50px;padding-left:50px;flex-basis:33.3%\">\n<h3 class=\"wp-block-heading has-text-align-center has-custom-color-3-color has-text-color\" style=\"font-size:clamp(16.834px, 1.052rem + ((1vw - 3.2px) * 0.062), 26px);font-style:normal;font-weight:400;line-height:1.5\">Email<\/h3>\n\n\n\n<p class=\"has-text-align-center has-custom-color-2-color has-text-color\" style=\"font-size:clamp(14px, 0.875rem + ((1vw - 3.2px) * 0.02), 17px);line-height:1.7\">juliane@flourishherwomenshealth.com<\/p>\n<\/div>\n\n\n\n<div class=\"wp-block-column is-layout-flow wp-container-core-column-is-layout-391c9608 wp-block-column-is-layout-flow\" style=\"padding-top:50px;padding-right:50px;padding-bottom:50px;padding-left:50px;flex-basis:33.3%\">\n<h3 class=\"wp-block-heading has-text-align-center has-custom-color-3-color has-text-color\" style=\"font-size:clamp(16.834px, 1.052rem + ((1vw - 3.2px) * 0.062), 26px);font-style:normal;font-weight:400;line-height:1.5\">Whatsapp Kontakt<\/h3>\n\n\n\n<p class=\"has-text-align-center has-custom-color-2-color has-text-color\" style=\"font-size:clamp(14px, 0.875rem + ((1vw - 3.2px) * 0.02), 17px);line-height:1.7\">+971 58 814 3842<\/p>\n<\/div>\n\n\n\n<div class=\"wp-block-column is-layout-flow wp-container-core-column-is-layout-391c9608 wp-block-column-is-layout-flow\" style=\"padding-top:50px;padding-right:50px;padding-bottom:50px;padding-left:50px;flex-basis:33.3%\">\n<h3 class=\"wp-block-heading has-text-align-center has-custom-color-3-color has-text-color\" style=\"font-size:clamp(16.834px, 1.052rem + ((1vw - 3.2px) * 0.062), 26px);font-style:normal;font-weight:400;line-height:1.5\">Social Media<\/h3>\n\n\n\n<ul class=\"is-style-logos-only wp-block-social-links has-icon-color is-content-justification-center is-layout-flex wp-container-core-social-links-is-layout-a89b3969 wp-block-social-links-is-layout-flex\"><li style=\"color:#ca9ca0;\" class=\"wp-social-link wp-social-link-instagram has-custom-color-2-color wp-block-social-link\"><a href=\"https:\/\/www.instagram.com\/flourishher.womenshealth\/\" class=\"wp-block-social-link-anchor\"><svg width=\"24\" height=\"24\" viewbox=\"0 0 24 24\" version=\"1.1\" xmlns=\"http:\/\/www.w3.org\/2000\/svg\" aria-hidden=\"true\" focusable=\"false\"><path d=\"M12,4.622c2.403,0,2.688,0.009,3.637,0.052c0.877,0.04,1.354,0.187,1.671,0.31c0.42,0.163,0.72,0.358,1.035,0.673 c0.315,0.315,0.51,0.615,0.673,1.035c0.123,0.317,0.27,0.794,0.31,1.671c0.043,0.949,0.052,1.234,0.052,3.637 s-0.009,2.688-0.052,3.637c-0.04,0.877-0.187,1.354-0.31,1.671c-0.163,0.42-0.358,0.72-0.673,1.035 c-0.315,0.315-0.615,0.51-1.035,0.673c-0.317,0.123-0.794,0.27-1.671,0.31c-0.949,0.043-1.233,0.052-3.637,0.052 s-2.688-0.009-3.637-0.052c-0.877-0.04-1.354-0.187-1.671-0.31c-0.42-0.163-0.72-0.358-1.035-0.673 c-0.315-0.315-0.51-0.615-0.673-1.035c-0.123-0.317-0.27-0.794-0.31-1.671C4.631,14.688,4.622,14.403,4.622,12 s0.009-2.688,0.052-3.637c0.04-0.877,0.187-1.354,0.31-1.671c0.163-0.42,0.358-0.72,0.673-1.035 c0.315-0.315,0.615-0.51,1.035-0.673c0.317-0.123,0.794-0.27,1.671-0.31C9.312,4.631,9.597,4.622,12,4.622 M12,3 C9.556,3,9.249,3.01,8.289,3.054C7.331,3.098,6.677,3.25,6.105,3.472C5.513,3.702,5.011,4.01,4.511,4.511 c-0.5,0.5-0.808,1.002-1.038,1.594C3.25,6.677,3.098,7.331,3.054,8.289C3.01,9.249,3,9.556,3,12c0,2.444,0.01,2.751,0.054,3.711 c0.044,0.958,0.196,1.612,0.418,2.185c0.23,0.592,0.538,1.094,1.038,1.594c0.5,0.5,1.002,0.808,1.594,1.038 c0.572,0.222,1.227,0.375,2.185,0.418C9.249,20.99,9.556,21,12,21s2.751-0.01,3.711-0.054c0.958-0.044,1.612-0.196,2.185-0.418 c0.592-0.23,1.094-0.538,1.594-1.038c0.5-0.5,0.808-1.002,1.038-1.594c0.222-0.572,0.375-1.227,0.418-2.185 C20.99,14.751,21,14.444,21,12s-0.01-2.751-0.054-3.711c-0.044-0.958-0.196-1.612-0.418-2.185c-0.23-0.592-0.538-1.094-1.038-1.594 c-0.5-0.5-1.002-0.808-1.594-1.038c-0.572-0.222-1.227-0.375-2.185-0.418C14.751,3.01,14.444,3,12,3L12,3z M12,7.378 c-2.552,0-4.622,2.069-4.622,4.622S9.448,16.622,12,16.622s4.622-2.069,4.622-4.622S14.552,7.378,12,7.378z M12,15 c-1.657,0-3-1.343-3-3s1.343-3,3-3s3,1.343,3,3S13.657,15,12,15z M16.804,6.116c-0.596,0-1.08,0.484-1.08,1.08 s0.484,1.08,1.08,1.08c0.596,0,1.08-0.484,1.08-1.08S17.401,6.116,16.804,6.116z\"><\/path><\/svg><span class=\"wp-block-social-link-label screen-reader-text\">Instagram<\/span><\/a><\/li>\n\n<li style=\"color:#ca9ca0;\" class=\"wp-social-link wp-social-link-facebook has-custom-color-2-color wp-block-social-link\"><a href=\"https:\/\/www.facebook.com\/profile.php?id=61556069416149\" class=\"wp-block-social-link-anchor\"><svg width=\"24\" height=\"24\" viewbox=\"0 0 24 24\" version=\"1.1\" xmlns=\"http:\/\/www.w3.org\/2000\/svg\" aria-hidden=\"true\" focusable=\"false\"><path d=\"M12 2C6.5 2 2 6.5 2 12c0 5 3.7 9.1 8.4 9.9v-7H7.9V12h2.5V9.8c0-2.5 1.5-3.9 3.8-3.9 1.1 0 2.2.2 2.2.2v2.5h-1.3c-1.2 0-1.6.8-1.6 1.6V12h2.8l-.4 2.9h-2.3v7C18.3 21.1 22 17 22 12c0-5.5-4.5-10-10-10z\"><\/path><\/svg><span class=\"wp-block-social-link-label screen-reader-text\">Facebook<\/span><\/a><\/li><\/ul>\n<\/div>\n<\/div>\n<\/div><\/div>","protected":false},"excerpt":{"rendered":"<p>The journey from pregnancy to motherhood is incredibly special, yet it comes with its unique set of ups and downs. It&#8217;s not just about the glow and the baby kicks; it&#8217;s also dealing with the niggles, aches, and the anticipation of bringing your little one into the world. I&#8217;m here to walk alongside you, offering [&hellip;]<\/p>\n","protected":false},"author":2,"featured_media":0,"parent":0,"menu_order":0,"comment_status":"closed","ping_status":"closed","template":"","meta":{"nf_dc_page":"","footnotes":""},"class_list":["post-322","page","type-page","status-publish","hentry"],"_links":{"self":[{"href":"https:\/\/flourishherwomenshealth.com\/de\/wp-json\/wp\/v2\/pages\/322","targetHints":{"allow":["GET"]}}],"collection":[{"href":"https:\/\/flourishherwomenshealth.com\/de\/wp-json\/wp\/v2\/pages"}],"about":[{"href":"https:\/\/flourishherwomenshealth.com\/de\/wp-json\/wp\/v2\/types\/page"}],"author":[{"embeddable":true,"href":"https:\/\/flourishherwomenshealth.com\/de\/wp-json\/wp\/v2\/users\/2"}],"replies":[{"embeddable":true,"href":"https:\/\/flourishherwomenshealth.com\/de\/wp-json\/wp\/v2\/comments?post=322"}],"version-history":[{"count":5,"href":"https:\/\/flourishherwomenshealth.com\/de\/wp-json\/wp\/v2\/pages\/322\/revisions"}],"predecessor-version":[{"id":928,"href":"https:\/\/flourishherwomenshealth.com\/de\/wp-json\/wp\/v2\/pages\/322\/revisions\/928"}],"wp:attachment":[{"href":"https:\/\/flourishherwomenshealth.com\/de\/wp-json\/wp\/v2\/media?parent=322"}],"curies":[{"name":"wp","href":"https:\/\/api.w.org\/{rel}","templated":true}]}}